{"id":847,"date":"2026-03-01T16:00:34","date_gmt":"2026-03-01T15:00:34","guid":{"rendered":"https:\/\/www.villasouimanga.com\/about-the-villa"},"modified":"2026-03-18T22:18:37","modified_gmt":"2026-03-18T21:18:37","slug":"a-propos-villa","status":"publish","type":"page","link":"https:\/\/www.villasouimanga.com\/fr\/a-propos-villa","title":{"rendered":"A propos de la villa"},"content":{"rendered":"\t\t<div data-elementor-type=\"wp-page\" data-elementor-id=\"847\" class=\"elementor elementor-847 elementor-695\" data-elementor-post-type=\"page\">\n\t\t\t\t<div class=\"elementor-element elementor-element-76dab7f e-con-full e-flex e-con e-parent\" data-id=\"76dab7f\" data-element_type=\"container\" data-e-type=\"container\">\n\t\t<div class=\"elementor-element elementor-element-766b840 e-flex e-con-boxed e-con e-child\" data-id=\"766b840\" data-element_type=\"container\" data-e-type=\"container\">\n\t\t\t\t\t<div class=\"e-con-inner\">\n\t\t\t\t<div class=\"elementor-element elementor-element-ac26068 elementor-widget elementor-widget-heading\" data-id=\"ac26068\" data-element_type=\"widget\" data-e-type=\"widget\" data-widget_type=\"heading.default\">\n\t\t\t\t\t<div class=\"elementor-heading-title elementor-size-default\">A propos<\/div>\t\t\t\t<\/div>\n\t\t\t\t<div class=\"elementor-element elementor-element-feb4897 elementor-widget elementor-widget-heading\" data-id=\"feb4897\" data-element_type=\"widget\" data-e-type=\"widget\" data-widget_type=\"heading.default\">\n\t\t\t\t\t<h1 class=\"elementor-heading-title elementor-size-default\">De la Villa<\/h1>\t\t\t\t<\/div>\n\t\t\t\t<div class=\"elementor-element elementor-element-3bb9e18 elementor-widget elementor-widget-html\" data-id=\"3bb9e18\" data-element_type=\"widget\" data-e-type=\"widget\" data-widget_type=\"html.default\">\n\t\t\t\t\t<!-- \u00c0 propos de la villa \u2014 Villa Souimanga -->\r\n<!-- Requiert house-rules.css + about-villa.css -->\r\n\r\n<div class=\"vsr-rules vsr-about\">\r\n\r\n  <!-- Intro -->\r\n  <div class=\"vsr-section\">\r\n    <div class=\"vsr-notice vsr-intro\">\r\n      Bienvenue \u00e0 la Villa Souimanga, une charmante villa balinaise nich\u00e9e \u00e0 Mae Nam. Cr\u00e9\u00e9e avec amour par des passionn\u00e9s de la Tha\u00eflande, elle doit son nom \u00e0 un petit oiseau tropical proche du colibri. Un v\u00e9ritable havre de paix pour les couples ou les familles \u2014 \u00e0 seulement 5 minutes en scooter de la plage et des commerces.\r\n    <\/div>\r\n  <\/div>\r\n  \r\n\r\n  <!-- Quick highlights -->\r\n  <div class=\"vsr-quick\" style=\"margin-bottom: 48px;\">\r\n    <div class=\"vsr-quick-item\">\r\n      <span class=\"ql\">Chambres<\/span>\r\n      <span class=\"qv\">2 chambres<\/span>\r\n    <\/div>\r\n    <div class=\"vsr-quick-item\">\r\n      <span class=\"ql\">Lits<\/span>\r\n      <span class=\"qv\">King size<\/span>\r\n    <\/div>\r\n    <div class=\"vsr-quick-item\">\r\n      <span class=\"ql\">Piscine<\/span>\r\n      <span class=\"qv\">Eau sal\u00e9e<\/span>\r\n    <\/div>\r\n    <div class=\"vsr-quick-item\">\r\n      <span class=\"ql\">Jardin<\/span>\r\n      <span class=\"qv\">Tropical<\/span>\r\n    <\/div>\r\n    <div class=\"vsr-quick-item\">\r\n      <span class=\"ql\">Plage<\/span>\r\n      <span class=\"qv\">5 min<\/span>\r\n    <\/div>\r\n    <div class=\"vsr-quick-item\">\r\n      <span class=\"ql\">Wi-Fi<\/span>\r\n      <span class=\"qv\">Gratuit<\/span>\r\n    <\/div>\r\n  <\/div>\r\n\r\n  <!-- The space -->\r\n  <div class=\"vsr-section\">\r\n    <h2 class=\"vsr-section-title\">L\u2019espace<\/h2>\r\n    <p class=\"vsr-location-note\">Entour\u00e9e de cocotiers, la Villa Souimanga est con\u00e7ue pour vous offrir un s\u00e9jour relaxant alliant confort et \u00e9l\u00e9gance.<\/p>\r\n    <ul class=\"vsr-list\">\r\n      <li><strong>Deux chambres spacieuses<\/strong> avec lits king size, salles de bain priv\u00e9es et dressings attenants pour un s\u00e9jour confortable<\/li>\r\n      <li><strong>Salon ouvert et lumineux<\/strong> \u00e9quip\u00e9 d\u2019un canap\u00e9, d\u2019une t\u00e9l\u00e9vision \u00e9cran plat avec streaming et du Wi-Fi gratuit pour vos moments de d\u00e9tente<\/li>\r\n      <li><strong>Cuisine moderne enti\u00e8rement \u00e9quip\u00e9e<\/strong> pens\u00e9e pour le plaisir de cuisiner<\/li>\r\n      <li><strong>Piscine priv\u00e9e<\/strong> bord\u00e9e d\u2019une terrasse ensoleill\u00e9e avec transats, poufs, parasol et entour\u00e9e d\u2019un luxuriant jardin tropical<\/li>\r\n      <li><strong>Sala<\/strong> \u2014 un espace ext\u00e9rieur convivial \u00e0 l\u2019ombre pour profiter de vos repas en toute d\u00e9tente, berc\u00e9 par la brise tropicale<\/li>\r\n    <\/ul>\r\n  <\/div>\r\n\r\n  <img decoding=\"async\" src=\"\/wp-content\/uploads\/2025\/11\/IMG_6275-scaled.jpg\" alt=\"\">\r\n\r\n  <!-- Comfort & amenities -->\r\n  <div class=\"vsr-section\">\r\n    <h2 class=\"vsr-section-title\">Confort & \u00e9quipements<\/h2>\r\n\r\n    <span class=\"vsr-subsection-title\">Climatisation<\/span>\r\n    <div class=\"vsr-notice\">\r\n      Chaque chambre est \u00e9quip\u00e9e d\u2019une climatisation moderne ainsi que d\u2019un ventilateur suppl\u00e9mentaire pour une atmosph\u00e8re fra\u00eeche et agr\u00e9able jour et nuit.\r\n    <\/div>\r\n\r\n    <span class=\"vsr-subsection-title\">Bien-\u00eatre & produits spa<\/span>\r\n    <div class=\"vsr-notice\">\r\n      Offrez-vous un moment de bien-\u00eatre avec les produits spa biologiques et locaux de <strong>Lemongrass House<\/strong>, disponibles dans nos distributeurs Villa Souimanga \u2014 gel douche, shampooing, apr\u00e8s-shampooing, savon pour les mains et diffuseurs parfum\u00e9s \u00e0 b\u00e2tonnets.\r\n    <\/div>\r\n  <\/div>\r\n\r\n  <!-- Good to know -->\r\n  <div class=\"vsr-section\">\r\n    <h2 class=\"vsr-section-title\">Bon \u00e0 savoir<\/h2>\r\n    <ul class=\"vsr-list\">\r\n      <li>Id\u00e9al pour une escapade romantique, des moments inoubliables en famille ou pour travailler au calme dans un environnement paisible<\/li>\r\n      <li><strong>Enfants :<\/strong> logement non adapt\u00e9 aux b\u00e9b\u00e9s et aux enfants de moins de 7 ans pour des raisons de s\u00e9curit\u00e9<\/li>\r\n      <li><strong>\u00c2ge requis :<\/strong> les groupes de jeunes doivent avoir au moins 25 ans pour effectuer le check-in afin de respecter la tranquillit\u00e9 du voisinage<\/li>\r\n      <li><strong>Transport :<\/strong> un scooter ou une voiture est recommand\u00e9 pendant votre s\u00e9jour \u2014 demandez-nous des informations de location lors de la r\u00e9servation<\/li>\r\n    <\/ul>\r\n  <\/div>\r\n\r\n<\/div>\t\t\t\t<\/div>\n\t\t\t\t\t<\/div>\n\t\t\t\t<\/div>\n\t\t\t\t<\/div>\n\t\t\t\t<\/div>\n\t\t","protected":false},"excerpt":{"rendered":"<p>A propos De la Villa Bienvenue \u00e0 la Villa Souimanga, une charmante villa balinaise nich\u00e9e \u00e0 Mae Nam. Cr\u00e9\u00e9e avec amour par des passionn\u00e9s de la Tha\u00eflande, elle doit son nom \u00e0 un petit oiseau tropical proche du colibri. Un v\u00e9ritable havre de paix pour les couples ou les familles \u2014 \u00e0 seulement 5 minutes [&hellip;]<\/p>\n","protected":false},"author":3,"featured_media":0,"parent":0,"menu_order":0,"comment_status":"closed","ping_status":"closed","template":"","meta":{"footnotes":""},"class_list":["post-847","page","type-page","status-publish","hentry"],"_links":{"self":[{"href":"https:\/\/www.villasouimanga.com\/fr\/wp-json\/wp\/v2\/pages\/847","targetHints":{"allow":["GET"]}}],"collection":[{"href":"https:\/\/www.villasouimanga.com\/fr\/wp-json\/wp\/v2\/pages"}],"about":[{"href":"https:\/\/www.villasouimanga.com\/fr\/wp-json\/wp\/v2\/types\/page"}],"author":[{"embeddable":true,"href":"https:\/\/www.villasouimanga.com\/fr\/wp-json\/wp\/v2\/users\/3"}],"replies":[{"embeddable":true,"href":"https:\/\/www.villasouimanga.com\/fr\/wp-json\/wp\/v2\/comments?post=847"}],"version-history":[{"count":4,"href":"https:\/\/www.villasouimanga.com\/fr\/wp-json\/wp\/v2\/pages\/847\/revisions"}],"predecessor-version":[{"id":851,"href":"https:\/\/www.villasouimanga.com\/fr\/wp-json\/wp\/v2\/pages\/847\/revisions\/851"}],"wp:attachment":[{"href":"https:\/\/www.villasouimanga.com\/fr\/wp-json\/wp\/v2\/media?parent=847"}],"curies":[{"name":"wp","href":"https:\/\/api.w.org\/{rel}","templated":true}]}}